{"id":2,"date":"2024-06-20T12:00:13","date_gmt":"2024-06-20T15:00:13","guid":{"rendered":"http:\/\/energyassetsdobrasil.com.br\/site\/?page_id=2"},"modified":"2024-06-21T14:56:26","modified_gmt":"2024-06-21T17:56:26","slug":"pagina-exemplo","status":"publish","type":"page","link":"https:\/\/www.energyassetsdobrasil.com.br\/index.php\/pagina-exemplo\/","title":{"rendered":"P\u00e1gina de exemplo"},"content":{"rendered":"\t\t<div data-elementor-type=\"wp-page\" data-elementor-id=\"2\" class=\"elementor elementor-2\" data-elementor-post-type=\"page\">\n\t\t\t\t<div class=\"elementor-element elementor-element-545afef e-con-full e-flex e-con e-parent\" data-id=\"545afef\" data-element_type=\"container\" data-e-type=\"container\" data-settings=\"{&quot;background_background&quot;:&quot;classic&quot;}\">\n\t\t\t\t<\/div>\n\t\t<div class=\"elementor-element elementor-element-0017489 e-flex e-con-boxed e-con e-parent\" data-id=\"0017489\" data-element_type=\"container\" data-e-type=\"container\">\n\t\t\t\t\t<div class=\"e-con-inner\">\n\t\t<div class=\"elementor-element elementor-element-5449b67 e-con-full e-flex e-con e-child\" data-id=\"5449b67\" data-element_type=\"container\" data-e-type=\"container\">\n\t\t\t\t<div class=\"elementor-element elementor-element-6a0d1dd elementor-widget elementor-widget-heading\" data-id=\"6a0d1dd\" data-element_type=\"widget\" data-e-type=\"widget\" data-widget_type=\"heading.default\">\n\t\t\t\t<div class=\"elementor-widget-container\">\n\t\t\t\t\t<h2 class=\"elementor-heading-title elementor-size-default\">Cabe\u00e7a de S\u00e9rie do Sistema de Monitora\u00e7\u00e3o de Baterias Chumbo-\u00e1cidas para Sistemas Fotovoltaicos Isolados com Algoritmo para Estimativa do Final da Vida \u00datil<\/h2>\t\t\t\t<\/div>\n\t\t\t\t<\/div>\n\t\t\t\t<div class=\"elementor-element elementor-element-49a7bcc elementor-widget elementor-widget-text-editor\" data-id=\"49a7bcc\" data-element_type=\"widget\" data-e-type=\"widget\" data-widget_type=\"text-editor.default\">\n\t\t\t\t<div class=\"elementor-widget-container\">\n\t\t\t\t\t\t\t\t\t<p>Desenvolver cabe\u00e7a de s\u00e9rie de sistema (hardware e software) de monitora\u00e7\u00e3o para detec\u00e7\u00e3o de fim de vida \u00fatil de baterias chumbo-\u00e1cidas estacion\u00e1rias de baixa intensidade de descarga utilizadas em sistemas fotovoltaicos isolados.<\/p>\t\t\t\t\t\t\t\t<\/div>\n\t\t\t\t<\/div>\n\t\t\t\t<div class=\"elementor-element elementor-element-6370be9 elementor-widget elementor-widget-image\" data-id=\"6370be9\" data-element_type=\"widget\" data-e-type=\"widget\" data-widget_type=\"image.default\">\n\t\t\t\t<div class=\"elementor-widget-container\">\n\t\t\t\t\t\t\t\t\t\t\t\t\t\t\t<img fetchpriority=\"high\" decoding=\"async\" width=\"605\" height=\"317\" src=\"https:\/\/www.energyassetsdobrasil.com.br\/wp-content\/uploads\/2024\/06\/Group-35.png\" class=\"attachment-large size-large wp-image-295\" alt=\"\" srcset=\"https:\/\/www.energyassetsdobrasil.com.br\/wp-content\/uploads\/2024\/06\/Group-35.png 605w, https:\/\/www.energyassetsdobrasil.com.br\/wp-content\/uploads\/2024\/06\/Group-35-300x157.png 300w\" sizes=\"(max-width: 605px) 100vw, 605px\" \/>\t\t\t\t\t\t\t\t\t\t\t\t\t\t\t<\/div>\n\t\t\t\t<\/div>\n\t\t\t\t<\/div>\n\t\t<div class=\"elementor-element elementor-element-7846a05 e-con-full e-flex e-con e-child\" data-id=\"7846a05\" data-element_type=\"container\" data-e-type=\"container\">\n\t\t\t\t<div class=\"elementor-element elementor-element-afa3da3 elementor-widget elementor-widget-image\" data-id=\"afa3da3\" data-element_type=\"widget\" data-e-type=\"widget\" data-widget_type=\"image.default\">\n\t\t\t\t<div class=\"elementor-widget-container\">\n\t\t\t\t\t\t\t\t\t\t\t\t\t\t\t<img decoding=\"async\" width=\"640\" height=\"580\" src=\"https:\/\/www.energyassetsdobrasil.com.br\/wp-content\/uploads\/2024\/06\/Group-65.png\" class=\"attachment-large size-large wp-image-296\" alt=\"\" srcset=\"https:\/\/www.energyassetsdobrasil.com.br\/wp-content\/uploads\/2024\/06\/Group-65.png 643w, https:\/\/www.energyassetsdobrasil.com.br\/wp-content\/uploads\/2024\/06\/Group-65-300x272.png 300w\" sizes=\"(max-width: 640px) 100vw, 640px\" \/>\t\t\t\t\t\t\t\t\t\t\t\t\t\t\t<\/div>\n\t\t\t\t<\/div>\n\t\t\t\t<\/div>\n\t\t\t\t\t<\/div>\n\t\t\t\t<\/div>\n\t\t\t\t<\/div>\n\t\t","protected":false},"excerpt":{"rendered":"<p>Cabe\u00e7a de S\u00e9rie do Sistema de Monitora\u00e7\u00e3o de Baterias Chumbo-\u00e1cidas para Sistemas Fotovoltaicos Isolados com Algoritmo para Estimativa do Final da Vida \u00datil Desenvolver cabe\u00e7a de s\u00e9rie de sistema (hardware e software) de monitora\u00e7\u00e3o para detec\u00e7\u00e3o de fim de vida \u00fatil de baterias chumbo-\u00e1cidas estacion\u00e1rias de baixa intensidade de descarga utilizadas em sistemas fotovoltaicos isolados.<\/p>\n","protected":false},"author":1,"featured_media":0,"parent":0,"menu_order":0,"comment_status":"closed","ping_status":"open","template":"elementor_header_footer","meta":{"footnotes":""},"class_list":["post-2","page","type-page","status-publish","hentry"],"_links":{"self":[{"href":"https:\/\/www.energyassetsdobrasil.com.br\/index.php\/wp-json\/wp\/v2\/pages\/2","targetHints":{"allow":["GET"]}}],"collection":[{"href":"https:\/\/www.energyassetsdobrasil.com.br\/index.php\/wp-json\/wp\/v2\/pages"}],"about":[{"href":"https:\/\/www.energyassetsdobrasil.com.br\/index.php\/wp-json\/wp\/v2\/types\/page"}],"author":[{"embeddable":true,"href":"https:\/\/www.energyassetsdobrasil.com.br\/index.php\/wp-json\/wp\/v2\/users\/1"}],"replies":[{"embeddable":true,"href":"https:\/\/www.energyassetsdobrasil.com.br\/index.php\/wp-json\/wp\/v2\/comments?post=2"}],"version-history":[{"count":9,"href":"https:\/\/www.energyassetsdobrasil.com.br\/index.php\/wp-json\/wp\/v2\/pages\/2\/revisions"}],"predecessor-version":[{"id":313,"href":"https:\/\/www.energyassetsdobrasil.com.br\/index.php\/wp-json\/wp\/v2\/pages\/2\/revisions\/313"}],"wp:attachment":[{"href":"https:\/\/www.energyassetsdobrasil.com.br\/index.php\/wp-json\/wp\/v2\/media?parent=2"}],"curies":[{"name":"wp","href":"https:\/\/api.w.org\/{rel}","templated":true}]}}