{"id":3,"date":"2024-06-20T12:00:13","date_gmt":"2024-06-20T15:00:13","guid":{"rendered":"http:\/\/energyassetsdobrasil.com.br\/site\/?page_id=3"},"modified":"2024-07-17T11:43:43","modified_gmt":"2024-07-17T14:43:43","slug":"politica-de-privacidade","status":"publish","type":"page","link":"https:\/\/www.energyassetsdobrasil.com.br\/index.php\/politica-de-privacidade\/","title":{"rendered":"Pol\u00edtica de privacidade"},"content":{"rendered":"\t\t<div data-elementor-type=\"wp-page\" data-elementor-id=\"3\" class=\"elementor elementor-3\" data-elementor-post-type=\"page\">\n\t\t\t\t<div class=\"elementor-element elementor-element-4dd4a10b e-con-full e-flex e-con e-parent\" data-id=\"4dd4a10b\" data-element_type=\"container\" data-e-type=\"container\">\n\t\t\t\t<div class=\"elementor-element elementor-element-1420241 elementor-widget elementor-widget-image\" data-id=\"1420241\" data-element_type=\"widget\" data-e-type=\"widget\" data-widget_type=\"image.default\">\n\t\t\t\t<div class=\"elementor-widget-container\">\n\t\t\t\t\t\t\t\t\t\t\t\t\t\t\t<img decoding=\"async\" src=\"https:\/\/www.energyassetsdobrasil.com.br\/wp-content\/uploads\/2024\/06\/Capa_Energy_Assets_V2.jpg\" title=\"Capa_Energy_Assets_V2\" alt=\"Capa_Energy_Assets_V2\" loading=\"lazy\" \/>\t\t\t\t\t\t\t\t\t\t\t\t\t\t\t<\/div>\n\t\t\t\t<\/div>\n\t\t\t\t<\/div>\n\t\t<div class=\"elementor-element elementor-element-d97a5e8 e-flex e-con-boxed e-con e-parent\" data-id=\"d97a5e8\" data-element_type=\"container\" data-e-type=\"container\">\n\t\t\t\t\t<div class=\"e-con-inner\">\n\t\t\t\t<div class=\"elementor-element elementor-element-2d9268c elementor-widget elementor-widget-text-editor\" data-id=\"2d9268c\" data-element_type=\"widget\" data-e-type=\"widget\" data-widget_type=\"text-editor.default\">\n\t\t\t\t<div class=\"elementor-widget-container\">\n\t\t\t\t\t\t\t\t\t\n<p><strong>Pol\u00edtica de Privacidade e Cookies<\/strong><\/p>\n<p>N\u00f3s, Energy Assets do Brasil Ltda., acreditamos que proteger a seguran\u00e7a e a privacidade de seus dados pessoais \u00e9 importante. Esta Pol\u00edtica de Prote\u00e7\u00e3o de Dados Pessoais explica como coletamos, armazenamos, usamos, divulgamos, produzimos, recebemos, classificamos, distribu\u00edmos, processamos, exclu\u00edmos, avaliamos, modificamos, transmitimos, extra\u00edmos, difundimos, entre outros, seus dados pessoais (&#8220;Tratamento&#8221;). Os dados pessoais que coletamos sobre voc\u00ea dependem do contexto de suas intera\u00e7\u00f5es conosco, dos produtos, servi\u00e7os e recursos que voc\u00ea usa, sua localiza\u00e7\u00e3o e leis aplic\u00e1veis, incluindo, mas n\u00e3o se limitando, a Lei Geral de Prote\u00e7\u00e3o de Dados do Brasil (\u201cLGPD\u201d).<\/p>\n<p>Esta Pol\u00edtica de Cookies explica o que s\u00e3o cookies e como n\u00f3s os utilizamos no site da Energy Assets do Brasil Ltda. Ao acessar este site, voc\u00ea concorda com o uso de cookies de acordo com esta Pol\u00edtica.<\/p>\n<p>Data da \u00faltima atualiza\u00e7\u00e3o: 17\/06\/2024<\/p>\n<p><strong>O que s\u00e3o cookies?<\/strong><\/p>\n<p>Cookies s\u00e3o pequenos arquivos de texto que s\u00e3o armazenados em seu navegador quando voc\u00ea visita um site. Eles s\u00e3o amplamente utilizados para tornar os sites mais eficientes e melhorar a experi\u00eancia do usu\u00e1rio. Os cookies podem ser cookies de sess\u00e3o, que s\u00e3o tempor\u00e1rios e s\u00e3o apagados quando voc\u00ea fecha o navegador, ou cookies persistentes, que permanecem no seu dispositivo por um per\u00edodo espec\u00edfico ou at\u00e9 serem exclu\u00eddos manualmente.<\/p>\n<p><strong>Como utilizamos os cookies?<\/strong><\/p>\n<p>Utilizamos cookies para diversos fins, incluindo:<\/p>\n<p>&#8211; Facilitar a navega\u00e7\u00e3o e tornar a experi\u00eancia do usu\u00e1rio mais eficiente.<\/p>\n<p>&#8211; Analisar o uso do site e obter informa\u00e7\u00f5es sobre como podemos melhorar nosso conte\u00fado e servi\u00e7os.<\/p>\n<p>&#8211; Personalizar sua experi\u00eancia no site de acordo com suas prefer\u00eancias.<\/p>\n<p><strong>Tipos de cookies que utilizamos:<\/strong><\/p>\n<p><strong>A &#8211; Cookies Estritamente Necess\u00e1rios<\/strong><\/p>\n<p>Esses cookies s\u00e3o essenciais para permitir que um website funcione adequadamente, permitindo que a p\u00e1gina web tenha determinadas funcionalidades como, por exemplo, defini\u00e7\u00e3o de prefer\u00eancias de privacidade, realiza\u00e7\u00e3o de\u00a0<em>login<\/em>\u00a0por meio de uma conta, ou o preenchimento de formul\u00e1rios. Sem esses cookies, o Website Energy Assets do Brasil pode n\u00e3o funcionar adequadamente.<\/p>\n<p>Voc\u00ea pode configurar seu navegador para bloquear os cookies estritamente necess\u00e1rios, por\u00e9m, caso o fa\u00e7a, uma ou mais funcionalidades do Website Energy Assets do Brasil pode deixar de funcionar adequadamente. Se a informa\u00e7\u00e3o processada por um cookie estritamente necess\u00e1rio se qualificar como um dado pessoal, a base legal para esse processamento \u00e9 o nosso leg\u00edtimo interesse em operar o Website Energy Assets do Brasil.<\/p>\n<p><strong>B &#8211; Cookies de Desempenho<\/strong><\/p>\n<p>Esses cookies coletam informa\u00e7\u00f5es sobre como os visitantes utilizam uma p\u00e1gina web. Assim, podem ser coletadas informa\u00e7\u00f5es sobre quais p\u00e1ginas os usu\u00e1rios acessam com mais frequ\u00eancia, e como os visitantes utilizam um website. Os cookies de desempenho auxiliam a Energy Assets do Brasil a melhorar a usabilidade do Website e, portanto, a aprimorar a experi\u00eancia dos usu\u00e1rios.<\/p>\n<p>Outras informa\u00e7\u00f5es coletadas por cookies de desempenho podem incluir: o tipo de navegador de Internet e sistema operacional utilizados; o nome de dom\u00ednio da p\u00e1gina web que voc\u00ea visitou anteriormente; o n\u00famero de visitas; a dura\u00e7\u00e3o m\u00e9dia da visita; e as p\u00e1ginas acessadas. As informa\u00e7\u00f5es coletadas por esses cookies s\u00e3o agregadas e normalmente n\u00e3o podem ser vinculadas a uma pessoa f\u00edsica espec\u00edfica. Se a informa\u00e7\u00e3o processada por um cookie de desempenho se qualificar como um dado pessoal, a base legal para esse processamento \u00e9 o leg\u00edtimo interesse da Energy Assets do Brasil.<\/p>\n<p><strong>C &#8211; Cookies de Funcionalidade<\/strong><\/p>\n<p>Esses cookies permitem que uma p\u00e1gina web se lembre das escolhas que voc\u00ea faz ou das informa\u00e7\u00f5es que voc\u00ea insere (como seu nome de usu\u00e1rio, l\u00edngua ou a regi\u00e3o\/pa\u00eds em que voc\u00ea est\u00e1), assim um website pode fornecer funcionalidades aprimoradas e mais personalizadas. Esses cookies tamb\u00e9m s\u00e3o utilizados para ativar funcionalidades espec\u00edficas, como reprodu\u00e7\u00e3o de v\u00eddeos.<\/p>\n<p>Caso as informa\u00e7\u00f5es processadas por cookies de funcionalidade se qualifiquem como dados pessoais, a base legal para esse processamento \u00e9 o leg\u00edtimo interesse da Energy Assets do Brasil.<\/p>\n<p><strong>Controle de cookies:<\/strong><\/p>\n<p>Voc\u00ea pode controlar e\/ou excluir cookies conforme desejar. Voc\u00ea pode excluir todos os cookies j\u00e1 armazenados no seu computador e configurar a maioria dos navegadores para evitar que os cookies sejam armazenados. No entanto, se voc\u00ea optar por bloquear os cookies, talvez n\u00e3o consiga acessar determinadas partes do nosso site ou aproveitar totalmente as funcionalidades que oferecemos.<\/p>\n<p><strong>Altera\u00e7\u00f5es nesta Pol\u00edtica:<\/strong><\/p>\n<p>A pol\u00edtica de cookies pode ser atualizada periodicamente para refletir mudan\u00e7as em nossas pr\u00e1ticas de cookies. Recomendamos que voc\u00ea revise esta pol\u00edtica sempre que visitar nosso site para estar atualizado sobre como usamos cookies.<\/p>\n<p><strong>Seguran\u00e7a<\/strong><\/p>\n<p>Para proteger seus dados pessoais contra destrui\u00e7\u00e3o acidental ou ilegal, perda, uso ou altera\u00e7\u00e3o, e contra divulga\u00e7\u00e3o ou acesso n\u00e3o autorizado, usamos medidas adequadas de seguran\u00e7a f\u00edsica, t\u00e9cnica e organizacional.<\/p>\n<p><strong>Contato com o Encarregado de Prote\u00e7\u00e3o de Dados Pessoais<\/strong><\/p>\n<p>Nosso Time de Privacidade est\u00e1 \u00e0 disposi\u00e7\u00e3o para prestar todo o suporte a perguntas, coment\u00e1rios, preocupa\u00e7\u00f5es ou reclama\u00e7\u00f5es relacionadas \u00e0 prote\u00e7\u00e3o de dados pessoais.<\/p>\n<p>Nosso Encarregado de Prote\u00e7\u00e3o de Dados Pessoais sempre utilizar\u00e1 todos os devidos esfor\u00e7os para tratar e resolver quaisquer solicita\u00e7\u00f5es ou reclama\u00e7\u00f5es que voc\u00ea traga \u00e0 sua aten\u00e7\u00e3o.<\/p>\n<p>Contato com o Encarregado de Prote\u00e7\u00e3o de Dados Pessoais na Energy Assets do Brasil: <a href=\"mailto:protecaodedados@energyassetsdobrasil.com.br\">protecaodedados@energyassetsdobrasil.com.br<\/a>.<\/p>\n\t\t\t\t\t\t\t\t<\/div>\n\t\t\t\t<\/div>\n\t\t\t\t\t<\/div>\n\t\t\t\t<\/div>\n\t\t\t\t<\/div>\n\t\t","protected":false},"excerpt":{"rendered":"<p>Pol\u00edtica de Privacidade e Cookies N\u00f3s, Energy Assets do Brasil Ltda., acreditamos que proteger a seguran\u00e7a e a privacidade de seus dados pessoais \u00e9 importante. Esta Pol\u00edtica de Prote\u00e7\u00e3o de Dados Pessoais explica como coletamos, armazenamos, usamos, divulgamos, produzimos, recebemos, classificamos, distribu\u00edmos, processamos, exclu\u00edmos, avaliamos, modificamos, transmitimos, extra\u00edmos, difundimos, entre outros, seus dados pessoais (&#8220;Tratamento&#8221;). [&hellip;]<\/p>\n","protected":false},"author":1,"featured_media":0,"parent":0,"menu_order":0,"comment_status":"closed","ping_status":"open","template":"elementor_header_footer","meta":{"footnotes":""},"class_list":["post-3","page","type-page","status-publish","hentry"],"_links":{"self":[{"href":"https:\/\/www.energyassetsdobrasil.com.br\/index.php\/wp-json\/wp\/v2\/pages\/3","targetHints":{"allow":["GET"]}}],"collection":[{"href":"https:\/\/www.energyassetsdobrasil.com.br\/index.php\/wp-json\/wp\/v2\/pages"}],"about":[{"href":"https:\/\/www.energyassetsdobrasil.com.br\/index.php\/wp-json\/wp\/v2\/types\/page"}],"author":[{"embeddable":true,"href":"https:\/\/www.energyassetsdobrasil.com.br\/index.php\/wp-json\/wp\/v2\/users\/1"}],"replies":[{"embeddable":true,"href":"https:\/\/www.energyassetsdobrasil.com.br\/index.php\/wp-json\/wp\/v2\/comments?post=3"}],"version-history":[{"count":12,"href":"https:\/\/www.energyassetsdobrasil.com.br\/index.php\/wp-json\/wp\/v2\/pages\/3\/revisions"}],"predecessor-version":[{"id":1507,"href":"https:\/\/www.energyassetsdobrasil.com.br\/index.php\/wp-json\/wp\/v2\/pages\/3\/revisions\/1507"}],"wp:attachment":[{"href":"https:\/\/www.energyassetsdobrasil.com.br\/index.php\/wp-json\/wp\/v2\/media?parent=3"}],"curies":[{"name":"wp","href":"https:\/\/api.w.org\/{rel}","templated":true}]}}